{"id":982,"date":"2023-08-31T14:32:47","date_gmt":"2023-08-31T14:32:47","guid":{"rendered":"https:\/\/ctambservice.wpengine.com\/smb-info-center-spanish\/"},"modified":"2025-06-16T18:08:29","modified_gmt":"2025-06-16T18:08:29","slug":"smb-info-center","status":"publish","type":"page","link":"https:\/\/businessservicesconnect.com\/es\/smb-info-center\/","title":{"rendered":"Centro PyME"},"content":{"rendered":"<div id=\"cs-content\" class=\"cs-content\"><\/div>\n","protected":false},"excerpt":{"rendered":"<p>Centro de informaci\u00f3n para pymes Desde consejos de ciberseguridad hasta expertos empresariales y an\u00e1lisis del mercado, descubra servicios empresariales, recursos de TI, herramientas y art\u00edculos que le ayudar\u00e1n a hacer crecer su negocio y alcanzarr sus objetivos. \u00bfSabe si su servicio de internet empresarial actual es lo suficientemente r\u00e1pido como para responder a sus necesidades? Nuestra prueba de velocidad de &#8230; <\/p>\n<div><a href=\"https:\/\/businessservicesconnect.com\/es\/smb-info-center\/\" class=\"more-link\">Read More<\/a><\/div>\n","protected":false},"author":1,"featured_media":656,"parent":0,"menu_order":0,"comment_status":"closed","ping_status":"closed","template":"template-blank-4.php","meta":{"footnotes":""},"class_list":["post-982","page","type-page","status-publish","has-post-thumbnail","hentry"],"yoast_head":"<!-- This site is optimized with the Yoast SEO Premium plugin v27.4 (Yoast SEO v27.4) - https:\/\/yoast.com\/product\/yoast-seo-premium-wordpress\/ -->\n<title>Centro PyME - Business Services Connect<\/title>\n<meta name=\"robots\" content=\"index, follow, max-snippet:-1, max-image-preview:large, max-video-preview:-1\" \/>\n<link rel=\"canonical\" href=\"https:\/\/businessservicesconnect.com\/es\/smb-info-center\/\" \/>\n<meta property=\"og:locale\" content=\"es_ES\" \/>\n<meta property=\"og:type\" content=\"article\" \/>\n<meta property=\"og:title\" content=\"Centro PyME\" \/>\n<meta property=\"og:description\" content=\"Centro de informaci\u00f3n para pymes Desde consejos de ciberseguridad hasta expertos empresariales y an\u00e1lisis del mercado, descubra servicios empresariales, recursos de TI, herramientas y art\u00edculos que le ayudar\u00e1n a hacer crecer su negocio y alcanzarr sus objetivos. \u00bfSabe si su servicio de internet empresarial actual es lo suficientemente r\u00e1pido como para responder a sus necesidades? Nuestra prueba de velocidad de ... Read More\" \/>\n<meta property=\"og:url\" content=\"https:\/\/businessservicesconnect.com\/es\/smb-info-center\/\" \/>\n<meta property=\"og:site_name\" content=\"Business Services Connect\" \/>\n<meta property=\"article:modified_time\" content=\"2025-06-16T18:08:29+00:00\" \/>\n<meta property=\"og:image\" content=\"https:\/\/businessservicesconnect.com\/wp-content\/uploads\/2023\/09\/Header_allArticles.jpg\" \/>\n\t<meta property=\"og:image:width\" content=\"1200\" \/>\n\t<meta property=\"og:image:height\" content=\"700\" \/>\n\t<meta property=\"og:image:type\" content=\"image\/jpeg\" \/>\n<meta name=\"twitter:card\" content=\"summary_large_image\" \/>\n<meta name=\"twitter:label1\" content=\"Tiempo de lectura\" \/>\n\t<meta name=\"twitter:data1\" content=\"5 minutos\" \/>\n<script type=\"application\/ld+json\" class=\"yoast-schema-graph\">{\"@context\":\"https:\\\/\\\/schema.org\",\"@graph\":[{\"@type\":\"WebPage\",\"@id\":\"https:\\\/\\\/businessservicesconnect.com\\\/es\\\/smb-info-center\\\/\",\"url\":\"https:\\\/\\\/businessservicesconnect.com\\\/es\\\/smb-info-center\\\/\",\"name\":\"Centro PyME - Business Services Connect\",\"isPartOf\":{\"@id\":\"https:\\\/\\\/businessservicesconnect.com\\\/es\\\/#website\"},\"primaryImageOfPage\":{\"@id\":\"https:\\\/\\\/businessservicesconnect.com\\\/es\\\/smb-info-center\\\/#primaryimage\"},\"image\":{\"@id\":\"https:\\\/\\\/businessservicesconnect.com\\\/es\\\/smb-info-center\\\/#primaryimage\"},\"thumbnailUrl\":\"https:\\\/\\\/businessservicesconnect.com\\\/wp-content\\\/uploads\\\/2023\\\/09\\\/Header_allArticles.jpg\",\"datePublished\":\"2023-08-31T14:32:47+00:00\",\"dateModified\":\"2025-06-16T18:08:29+00:00\",\"breadcrumb\":{\"@id\":\"https:\\\/\\\/businessservicesconnect.com\\\/es\\\/smb-info-center\\\/#breadcrumb\"},\"inLanguage\":\"es\",\"potentialAction\":[{\"@type\":\"ReadAction\",\"target\":[\"https:\\\/\\\/businessservicesconnect.com\\\/es\\\/smb-info-center\\\/\"]}]},{\"@type\":\"ImageObject\",\"inLanguage\":\"es\",\"@id\":\"https:\\\/\\\/businessservicesconnect.com\\\/es\\\/smb-info-center\\\/#primaryimage\",\"url\":\"https:\\\/\\\/businessservicesconnect.com\\\/wp-content\\\/uploads\\\/2023\\\/09\\\/Header_allArticles.jpg\",\"contentUrl\":\"https:\\\/\\\/businessservicesconnect.com\\\/wp-content\\\/uploads\\\/2023\\\/09\\\/Header_allArticles.jpg\",\"width\":1200,\"height\":700},{\"@type\":\"BreadcrumbList\",\"@id\":\"https:\\\/\\\/businessservicesconnect.com\\\/es\\\/smb-info-center\\\/#breadcrumb\",\"itemListElement\":[{\"@type\":\"ListItem\",\"position\":1,\"name\":\"Home\",\"item\":\"https:\\\/\\\/businessservicesconnect.com\\\/es\\\/\"},{\"@type\":\"ListItem\",\"position\":2,\"name\":\"Centro PyME\"}]},{\"@type\":\"WebSite\",\"@id\":\"https:\\\/\\\/businessservicesconnect.com\\\/es\\\/#website\",\"url\":\"https:\\\/\\\/businessservicesconnect.com\\\/es\\\/\",\"name\":\"Business Services Connect\",\"description\":\"\",\"potentialAction\":[{\"@type\":\"SearchAction\",\"target\":{\"@type\":\"EntryPoint\",\"urlTemplate\":\"https:\\\/\\\/businessservicesconnect.com\\\/es\\\/?s={search_term_string}\"},\"query-input\":{\"@type\":\"PropertyValueSpecification\",\"valueRequired\":true,\"valueName\":\"search_term_string\"}}],\"inLanguage\":\"es\"}]}<\/script>\n<!-- \/ Yoast SEO Premium plugin. -->","yoast_head_json":{"title":"Centro PyME - Business Services Connect","robots":{"index":"index","follow":"follow","max-snippet":"max-snippet:-1","max-image-preview":"max-image-preview:large","max-video-preview":"max-video-preview:-1"},"canonical":"https:\/\/businessservicesconnect.com\/es\/smb-info-center\/","og_locale":"es_ES","og_type":"article","og_title":"Centro PyME","og_description":"Centro de informaci\u00f3n para pymes Desde consejos de ciberseguridad hasta expertos empresariales y an\u00e1lisis del mercado, descubra servicios empresariales, recursos de TI, herramientas y art\u00edculos que le ayudar\u00e1n a hacer crecer su negocio y alcanzarr sus objetivos. \u00bfSabe si su servicio de internet empresarial actual es lo suficientemente r\u00e1pido como para responder a sus necesidades? Nuestra prueba de velocidad de ... Read More","og_url":"https:\/\/businessservicesconnect.com\/es\/smb-info-center\/","og_site_name":"Business Services Connect","article_modified_time":"2025-06-16T18:08:29+00:00","og_image":[{"width":1200,"height":700,"url":"https:\/\/businessservicesconnect.com\/wp-content\/uploads\/2023\/09\/Header_allArticles.jpg","type":"image\/jpeg"}],"twitter_card":"summary_large_image","twitter_misc":{"Tiempo de lectura":"5 minutos"},"schema":{"@context":"https:\/\/schema.org","@graph":[{"@type":"WebPage","@id":"https:\/\/businessservicesconnect.com\/es\/smb-info-center\/","url":"https:\/\/businessservicesconnect.com\/es\/smb-info-center\/","name":"Centro PyME - Business Services Connect","isPartOf":{"@id":"https:\/\/businessservicesconnect.com\/es\/#website"},"primaryImageOfPage":{"@id":"https:\/\/businessservicesconnect.com\/es\/smb-info-center\/#primaryimage"},"image":{"@id":"https:\/\/businessservicesconnect.com\/es\/smb-info-center\/#primaryimage"},"thumbnailUrl":"https:\/\/businessservicesconnect.com\/wp-content\/uploads\/2023\/09\/Header_allArticles.jpg","datePublished":"2023-08-31T14:32:47+00:00","dateModified":"2025-06-16T18:08:29+00:00","breadcrumb":{"@id":"https:\/\/businessservicesconnect.com\/es\/smb-info-center\/#breadcrumb"},"inLanguage":"es","potentialAction":[{"@type":"ReadAction","target":["https:\/\/businessservicesconnect.com\/es\/smb-info-center\/"]}]},{"@type":"ImageObject","inLanguage":"es","@id":"https:\/\/businessservicesconnect.com\/es\/smb-info-center\/#primaryimage","url":"https:\/\/businessservicesconnect.com\/wp-content\/uploads\/2023\/09\/Header_allArticles.jpg","contentUrl":"https:\/\/businessservicesconnect.com\/wp-content\/uploads\/2023\/09\/Header_allArticles.jpg","width":1200,"height":700},{"@type":"BreadcrumbList","@id":"https:\/\/businessservicesconnect.com\/es\/smb-info-center\/#breadcrumb","itemListElement":[{"@type":"ListItem","position":1,"name":"Home","item":"https:\/\/businessservicesconnect.com\/es\/"},{"@type":"ListItem","position":2,"name":"Centro PyME"}]},{"@type":"WebSite","@id":"https:\/\/businessservicesconnect.com\/es\/#website","url":"https:\/\/businessservicesconnect.com\/es\/","name":"Business Services Connect","description":"","potentialAction":[{"@type":"SearchAction","target":{"@type":"EntryPoint","urlTemplate":"https:\/\/businessservicesconnect.com\/es\/?s={search_term_string}"},"query-input":{"@type":"PropertyValueSpecification","valueRequired":true,"valueName":"search_term_string"}}],"inLanguage":"es"}]}},"featured_image_src":"https:\/\/businessservicesconnect.com\/wp-content\/uploads\/2023\/09\/Header_allArticles-600x400.jpg","featured_image_src_square":"https:\/\/businessservicesconnect.com\/wp-content\/uploads\/2023\/09\/Header_allArticles-600x600.jpg","_links":{"self":[{"href":"https:\/\/businessservicesconnect.com\/es\/wp-json\/wp\/v2\/pages\/982","targetHints":{"allow":["GET"]}}],"collection":[{"href":"https:\/\/businessservicesconnect.com\/es\/wp-json\/wp\/v2\/pages"}],"about":[{"href":"https:\/\/businessservicesconnect.com\/es\/wp-json\/wp\/v2\/types\/page"}],"author":[{"embeddable":true,"href":"https:\/\/businessservicesconnect.com\/es\/wp-json\/wp\/v2\/users\/1"}],"replies":[{"embeddable":true,"href":"https:\/\/businessservicesconnect.com\/es\/wp-json\/wp\/v2\/comments?post=982"}],"version-history":[{"count":0,"href":"https:\/\/businessservicesconnect.com\/es\/wp-json\/wp\/v2\/pages\/982\/revisions"}],"wp:featuredmedia":[{"embeddable":true,"href":"https:\/\/businessservicesconnect.com\/es\/wp-json\/wp\/v2\/media\/656"}],"wp:attachment":[{"href":"https:\/\/businessservicesconnect.com\/es\/wp-json\/wp\/v2\/media?parent=982"}],"curies":[{"name":"wp","href":"https:\/\/api.w.org\/{rel}","templated":true}]}}