{"id":977,"date":"2023-11-28T20:54:31","date_gmt":"2023-11-28T20:54:31","guid":{"rendered":"https:\/\/ctambservice.wpengine.com\/about-us-spanish\/"},"modified":"2026-01-26T20:24:08","modified_gmt":"2026-01-26T20:24:08","slug":"about-us","status":"publish","type":"page","link":"https:\/\/businessservicesconnect.com\/es\/about-us\/","title":{"rendered":"Acerca de Nosotros"},"content":{"rendered":"<div id=\"cs-content\" class=\"cs-content\"><\/div>\n","protected":false},"excerpt":{"rendered":"<p>Acerca de Nosotros \u00a1Excelente decisi\u00f3n! El hecho de que est\u00e9 aqu\u00ed indica que ya ha tomado una decisi\u00f3n inteligente para su negocio. Este es el punto de encuentro donde los propietarios de negocios y los encargados de tomar decisiones en TI se unen con proveedores de comunicaciones innovadores, listos para impulsar el crecimiento de su empresa. Somos un servicio de &#8230; <\/p>\n<div><a href=\"https:\/\/businessservicesconnect.com\/es\/about-us\/\" class=\"more-link\">Read More<\/a><\/div>\n","protected":false},"author":1,"featured_media":732,"parent":0,"menu_order":0,"comment_status":"closed","ping_status":"closed","template":"template-blank-4.php","meta":{"footnotes":""},"class_list":["post-977","page","type-page","status-publish","has-post-thumbnail","hentry"],"yoast_head":"<!-- This site is optimized with the Yoast SEO Premium plugin v27.4 (Yoast SEO v27.4) - https:\/\/yoast.com\/product\/yoast-seo-premium-wordpress\/ -->\n<title>Con\u00f3cenos - Business Services Connect<\/title>\n<meta name=\"description\" content=\"Conecta tu empresa con los proveedores de cable nacionales y locales que ofrecen Internet de alta velocidad, m\u00f3vil y m\u00e1s. Soluciones r\u00e1pidas y confiables.\" \/>\n<meta name=\"robots\" content=\"index, follow, max-snippet:-1, max-image-preview:large, max-video-preview:-1\" \/>\n<link rel=\"canonical\" href=\"https:\/\/businessservicesconnect.com\/es\/about-us\/\" \/>\n<meta property=\"og:locale\" content=\"es_ES\" \/>\n<meta property=\"og:type\" content=\"article\" \/>\n<meta property=\"og:title\" content=\"Acerca de Nosotros\" \/>\n<meta property=\"og:description\" content=\"Conecta tu empresa con los proveedores de cable nacionales y locales que ofrecen Internet de alta velocidad, m\u00f3vil y m\u00e1s. Soluciones r\u00e1pidas y confiables.\" \/>\n<meta property=\"og:url\" content=\"https:\/\/businessservicesconnect.com\/es\/about-us\/\" \/>\n<meta property=\"og:site_name\" content=\"Business Services Connect\" \/>\n<meta property=\"article:modified_time\" content=\"2026-01-26T20:24:08+00:00\" \/>\n<meta property=\"og:image\" content=\"https:\/\/businessservicesconnect.com\/wp-content\/uploads\/2023\/11\/Header_About_wide.jpg\" \/>\n\t<meta property=\"og:image:width\" content=\"2000\" \/>\n\t<meta property=\"og:image:height\" content=\"962\" \/>\n\t<meta property=\"og:image:type\" content=\"image\/jpeg\" \/>\n<meta name=\"twitter:card\" content=\"summary_large_image\" \/>\n<meta name=\"twitter:label1\" content=\"Tiempo de lectura\" \/>\n\t<meta name=\"twitter:data1\" content=\"12 minutos\" \/>\n<script type=\"application\/ld+json\" class=\"yoast-schema-graph\">{\"@context\":\"https:\\\/\\\/schema.org\",\"@graph\":[{\"@type\":\"WebPage\",\"@id\":\"https:\\\/\\\/businessservicesconnect.com\\\/es\\\/about-us\\\/\",\"url\":\"https:\\\/\\\/businessservicesconnect.com\\\/es\\\/about-us\\\/\",\"name\":\"Con\u00f3cenos - Business Services Connect\",\"isPartOf\":{\"@id\":\"https:\\\/\\\/businessservicesconnect.com\\\/es\\\/#website\"},\"primaryImageOfPage\":{\"@id\":\"https:\\\/\\\/businessservicesconnect.com\\\/es\\\/about-us\\\/#primaryimage\"},\"image\":{\"@id\":\"https:\\\/\\\/businessservicesconnect.com\\\/es\\\/about-us\\\/#primaryimage\"},\"thumbnailUrl\":\"https:\\\/\\\/businessservicesconnect.com\\\/wp-content\\\/uploads\\\/2023\\\/11\\\/Header_About_wide.jpg\",\"datePublished\":\"2023-11-28T20:54:31+00:00\",\"dateModified\":\"2026-01-26T20:24:08+00:00\",\"description\":\"Conecta tu empresa con los proveedores de cable nacionales y locales que ofrecen Internet de alta velocidad, m\u00f3vil y m\u00e1s. Soluciones r\u00e1pidas y confiables.\",\"breadcrumb\":{\"@id\":\"https:\\\/\\\/businessservicesconnect.com\\\/es\\\/about-us\\\/#breadcrumb\"},\"inLanguage\":\"es\",\"potentialAction\":[{\"@type\":\"ReadAction\",\"target\":[\"https:\\\/\\\/businessservicesconnect.com\\\/es\\\/about-us\\\/\"]}]},{\"@type\":\"ImageObject\",\"inLanguage\":\"es\",\"@id\":\"https:\\\/\\\/businessservicesconnect.com\\\/es\\\/about-us\\\/#primaryimage\",\"url\":\"https:\\\/\\\/businessservicesconnect.com\\\/wp-content\\\/uploads\\\/2023\\\/11\\\/Header_About_wide.jpg\",\"contentUrl\":\"https:\\\/\\\/businessservicesconnect.com\\\/wp-content\\\/uploads\\\/2023\\\/11\\\/Header_About_wide.jpg\",\"width\":2000,\"height\":962},{\"@type\":\"BreadcrumbList\",\"@id\":\"https:\\\/\\\/businessservicesconnect.com\\\/es\\\/about-us\\\/#breadcrumb\",\"itemListElement\":[{\"@type\":\"ListItem\",\"position\":1,\"name\":\"Home\",\"item\":\"https:\\\/\\\/businessservicesconnect.com\\\/es\\\/\"},{\"@type\":\"ListItem\",\"position\":2,\"name\":\"Acerca de Nosotros\"}]},{\"@type\":\"WebSite\",\"@id\":\"https:\\\/\\\/businessservicesconnect.com\\\/es\\\/#website\",\"url\":\"https:\\\/\\\/businessservicesconnect.com\\\/es\\\/\",\"name\":\"Business Services Connect\",\"description\":\"\",\"potentialAction\":[{\"@type\":\"SearchAction\",\"target\":{\"@type\":\"EntryPoint\",\"urlTemplate\":\"https:\\\/\\\/businessservicesconnect.com\\\/es\\\/?s={search_term_string}\"},\"query-input\":{\"@type\":\"PropertyValueSpecification\",\"valueRequired\":true,\"valueName\":\"search_term_string\"}}],\"inLanguage\":\"es\"}]}<\/script>\n<!-- \/ Yoast SEO Premium plugin. -->","yoast_head_json":{"title":"Con\u00f3cenos - Business Services Connect","description":"Conecta tu empresa con los proveedores de cable nacionales y locales que ofrecen Internet de alta velocidad, m\u00f3vil y m\u00e1s. Soluciones r\u00e1pidas y confiables.","robots":{"index":"index","follow":"follow","max-snippet":"max-snippet:-1","max-image-preview":"max-image-preview:large","max-video-preview":"max-video-preview:-1"},"canonical":"https:\/\/businessservicesconnect.com\/es\/about-us\/","og_locale":"es_ES","og_type":"article","og_title":"Acerca de Nosotros","og_description":"Conecta tu empresa con los proveedores de cable nacionales y locales que ofrecen Internet de alta velocidad, m\u00f3vil y m\u00e1s. Soluciones r\u00e1pidas y confiables.","og_url":"https:\/\/businessservicesconnect.com\/es\/about-us\/","og_site_name":"Business Services Connect","article_modified_time":"2026-01-26T20:24:08+00:00","og_image":[{"width":2000,"height":962,"url":"https:\/\/businessservicesconnect.com\/wp-content\/uploads\/2023\/11\/Header_About_wide.jpg","type":"image\/jpeg"}],"twitter_card":"summary_large_image","twitter_misc":{"Tiempo de lectura":"12 minutos"},"schema":{"@context":"https:\/\/schema.org","@graph":[{"@type":"WebPage","@id":"https:\/\/businessservicesconnect.com\/es\/about-us\/","url":"https:\/\/businessservicesconnect.com\/es\/about-us\/","name":"Con\u00f3cenos - Business Services Connect","isPartOf":{"@id":"https:\/\/businessservicesconnect.com\/es\/#website"},"primaryImageOfPage":{"@id":"https:\/\/businessservicesconnect.com\/es\/about-us\/#primaryimage"},"image":{"@id":"https:\/\/businessservicesconnect.com\/es\/about-us\/#primaryimage"},"thumbnailUrl":"https:\/\/businessservicesconnect.com\/wp-content\/uploads\/2023\/11\/Header_About_wide.jpg","datePublished":"2023-11-28T20:54:31+00:00","dateModified":"2026-01-26T20:24:08+00:00","description":"Conecta tu empresa con los proveedores de cable nacionales y locales que ofrecen Internet de alta velocidad, m\u00f3vil y m\u00e1s. Soluciones r\u00e1pidas y confiables.","breadcrumb":{"@id":"https:\/\/businessservicesconnect.com\/es\/about-us\/#breadcrumb"},"inLanguage":"es","potentialAction":[{"@type":"ReadAction","target":["https:\/\/businessservicesconnect.com\/es\/about-us\/"]}]},{"@type":"ImageObject","inLanguage":"es","@id":"https:\/\/businessservicesconnect.com\/es\/about-us\/#primaryimage","url":"https:\/\/businessservicesconnect.com\/wp-content\/uploads\/2023\/11\/Header_About_wide.jpg","contentUrl":"https:\/\/businessservicesconnect.com\/wp-content\/uploads\/2023\/11\/Header_About_wide.jpg","width":2000,"height":962},{"@type":"BreadcrumbList","@id":"https:\/\/businessservicesconnect.com\/es\/about-us\/#breadcrumb","itemListElement":[{"@type":"ListItem","position":1,"name":"Home","item":"https:\/\/businessservicesconnect.com\/es\/"},{"@type":"ListItem","position":2,"name":"Acerca de Nosotros"}]},{"@type":"WebSite","@id":"https:\/\/businessservicesconnect.com\/es\/#website","url":"https:\/\/businessservicesconnect.com\/es\/","name":"Business Services Connect","description":"","potentialAction":[{"@type":"SearchAction","target":{"@type":"EntryPoint","urlTemplate":"https:\/\/businessservicesconnect.com\/es\/?s={search_term_string}"},"query-input":{"@type":"PropertyValueSpecification","valueRequired":true,"valueName":"search_term_string"}}],"inLanguage":"es"}]}},"featured_image_src":"https:\/\/businessservicesconnect.com\/wp-content\/uploads\/2023\/11\/Header_About_wide-600x400.jpg","featured_image_src_square":"https:\/\/businessservicesconnect.com\/wp-content\/uploads\/2023\/11\/Header_About_wide-600x600.jpg","_links":{"self":[{"href":"https:\/\/businessservicesconnect.com\/es\/wp-json\/wp\/v2\/pages\/977","targetHints":{"allow":["GET"]}}],"collection":[{"href":"https:\/\/businessservicesconnect.com\/es\/wp-json\/wp\/v2\/pages"}],"about":[{"href":"https:\/\/businessservicesconnect.com\/es\/wp-json\/wp\/v2\/types\/page"}],"author":[{"embeddable":true,"href":"https:\/\/businessservicesconnect.com\/es\/wp-json\/wp\/v2\/users\/1"}],"replies":[{"embeddable":true,"href":"https:\/\/businessservicesconnect.com\/es\/wp-json\/wp\/v2\/comments?post=977"}],"version-history":[{"count":0,"href":"https:\/\/businessservicesconnect.com\/es\/wp-json\/wp\/v2\/pages\/977\/revisions"}],"wp:featuredmedia":[{"embeddable":true,"href":"https:\/\/businessservicesconnect.com\/es\/wp-json\/wp\/v2\/media\/732"}],"wp:attachment":[{"href":"https:\/\/businessservicesconnect.com\/es\/wp-json\/wp\/v2\/media?parent=977"}],"curies":[{"name":"wp","href":"https:\/\/api.w.org\/{rel}","templated":true}]}}