{"id":423,"date":"2023-04-13T17:02:04","date_gmt":"2023-04-13T17:02:04","guid":{"rendered":"https:\/\/ctambservice.wpengine.com\/ca-privacypolicy\/"},"modified":"2025-07-10T14:37:19","modified_gmt":"2025-07-10T14:37:19","slug":"ca-privacypolicy","status":"publish","type":"page","link":"https:\/\/businessservicesconnect.com\/es\/ca-privacypolicy\/","title":{"rendered":"CA Privacy Policy"},"content":{"rendered":"<div id=\"cs-content\" class=\"cs-content\"><\/div>\n","protected":false},"excerpt":{"rendered":"<p>AVISO DE PRIVACIDAD PARA RESIDENTES DE CALIFORNIA Si es residente de California (un \u201cConsumidor\u201d), este aviso aplica a su caso y complementa la Pol\u00edtica de privacidad de CTAM BusinessServicesConnect. La finalidad de este aviso es brindarle determinada informaci\u00f3n, seg\u00fan lo exigido por la Ley de Privacidad del Consumidor de California de 2018, enmendada por la Ley de Derechos de Privacidad &#8230; <\/p>\n<div><a href=\"https:\/\/businessservicesconnect.com\/es\/ca-privacypolicy\/\" class=\"more-link\">Read More<\/a><\/div>\n","protected":false},"author":1,"featured_media":0,"parent":0,"menu_order":0,"comment_status":"closed","ping_status":"closed","template":"template-blank-4.php","meta":{"footnotes":""},"class_list":["post-423","page","type-page","status-publish","hentry","no-post-thumbnail"],"yoast_head":"<!-- This site is optimized with the Yoast SEO Premium plugin v27.4 (Yoast SEO v27.4) - https:\/\/yoast.com\/product\/yoast-seo-premium-wordpress\/ -->\n<title>California Privacy Policy - Business Services Connect<\/title>\n<meta name=\"description\" content=\"Este aviso tiene como objetivo brindarle cierta informaci\u00f3n seg\u00fan lo exige la Ley de Privacidad del Consumidor de California de 2018, modificada por la Ley de Derechos de Privacidad de California de 2020\" \/>\n<meta name=\"robots\" content=\"index, follow, max-snippet:-1, max-image-preview:large, max-video-preview:-1\" \/>\n<link rel=\"canonical\" href=\"https:\/\/businessservicesconnect.com\/es\/ca-privacypolicy\/\" \/>\n<meta property=\"og:locale\" content=\"es_ES\" \/>\n<meta property=\"og:type\" content=\"article\" \/>\n<meta property=\"og:title\" content=\"CA Privacy Policy\" \/>\n<meta property=\"og:description\" content=\"Este aviso tiene como objetivo brindarle cierta informaci\u00f3n seg\u00fan lo exige la Ley de Privacidad del Consumidor de California de 2018, modificada por la Ley de Derechos de Privacidad de California de 2020\" \/>\n<meta property=\"og:url\" content=\"https:\/\/businessservicesconnect.com\/es\/ca-privacypolicy\/\" \/>\n<meta property=\"og:site_name\" content=\"Business Services Connect\" \/>\n<meta property=\"article:modified_time\" content=\"2025-07-10T14:37:19+00:00\" \/>\n<meta name=\"twitter:card\" content=\"summary_large_image\" \/>\n<meta name=\"twitter:label1\" content=\"Tiempo de lectura\" \/>\n\t<meta name=\"twitter:data1\" content=\"4 minutos\" \/>\n<script type=\"application\/ld+json\" class=\"yoast-schema-graph\">{\"@context\":\"https:\\\/\\\/schema.org\",\"@graph\":[{\"@type\":\"WebPage\",\"@id\":\"https:\\\/\\\/businessservicesconnect.com\\\/es\\\/ca-privacypolicy\\\/\",\"url\":\"https:\\\/\\\/businessservicesconnect.com\\\/es\\\/ca-privacypolicy\\\/\",\"name\":\"California Privacy Policy - Business Services Connect\",\"isPartOf\":{\"@id\":\"https:\\\/\\\/businessservicesconnect.com\\\/es\\\/#website\"},\"datePublished\":\"2023-04-13T17:02:04+00:00\",\"dateModified\":\"2025-07-10T14:37:19+00:00\",\"description\":\"Este aviso tiene como objetivo brindarle cierta informaci\u00f3n seg\u00fan lo exige la Ley de Privacidad del Consumidor de California de 2018, modificada por la Ley de Derechos de Privacidad de California de 2020\",\"breadcrumb\":{\"@id\":\"https:\\\/\\\/businessservicesconnect.com\\\/es\\\/ca-privacypolicy\\\/#breadcrumb\"},\"inLanguage\":\"es\",\"potentialAction\":[{\"@type\":\"ReadAction\",\"target\":[\"https:\\\/\\\/businessservicesconnect.com\\\/es\\\/ca-privacypolicy\\\/\"]}]},{\"@type\":\"BreadcrumbList\",\"@id\":\"https:\\\/\\\/businessservicesconnect.com\\\/es\\\/ca-privacypolicy\\\/#breadcrumb\",\"itemListElement\":[{\"@type\":\"ListItem\",\"position\":1,\"name\":\"Home\",\"item\":\"https:\\\/\\\/businessservicesconnect.com\\\/es\\\/\"},{\"@type\":\"ListItem\",\"position\":2,\"name\":\"CA Privacy Policy\"}]},{\"@type\":\"WebSite\",\"@id\":\"https:\\\/\\\/businessservicesconnect.com\\\/es\\\/#website\",\"url\":\"https:\\\/\\\/businessservicesconnect.com\\\/es\\\/\",\"name\":\"Business Services Connect\",\"description\":\"\",\"potentialAction\":[{\"@type\":\"SearchAction\",\"target\":{\"@type\":\"EntryPoint\",\"urlTemplate\":\"https:\\\/\\\/businessservicesconnect.com\\\/es\\\/?s={search_term_string}\"},\"query-input\":{\"@type\":\"PropertyValueSpecification\",\"valueRequired\":true,\"valueName\":\"search_term_string\"}}],\"inLanguage\":\"es\"}]}<\/script>\n<!-- \/ Yoast SEO Premium plugin. -->","yoast_head_json":{"title":"California Privacy Policy - Business Services Connect","description":"Este aviso tiene como objetivo brindarle cierta informaci\u00f3n seg\u00fan lo exige la Ley de Privacidad del Consumidor de California de 2018, modificada por la Ley de Derechos de Privacidad de California de 2020","robots":{"index":"index","follow":"follow","max-snippet":"max-snippet:-1","max-image-preview":"max-image-preview:large","max-video-preview":"max-video-preview:-1"},"canonical":"https:\/\/businessservicesconnect.com\/es\/ca-privacypolicy\/","og_locale":"es_ES","og_type":"article","og_title":"CA Privacy Policy","og_description":"Este aviso tiene como objetivo brindarle cierta informaci\u00f3n seg\u00fan lo exige la Ley de Privacidad del Consumidor de California de 2018, modificada por la Ley de Derechos de Privacidad de California de 2020","og_url":"https:\/\/businessservicesconnect.com\/es\/ca-privacypolicy\/","og_site_name":"Business Services Connect","article_modified_time":"2025-07-10T14:37:19+00:00","twitter_card":"summary_large_image","twitter_misc":{"Tiempo de lectura":"4 minutos"},"schema":{"@context":"https:\/\/schema.org","@graph":[{"@type":"WebPage","@id":"https:\/\/businessservicesconnect.com\/es\/ca-privacypolicy\/","url":"https:\/\/businessservicesconnect.com\/es\/ca-privacypolicy\/","name":"California Privacy Policy - Business Services Connect","isPartOf":{"@id":"https:\/\/businessservicesconnect.com\/es\/#website"},"datePublished":"2023-04-13T17:02:04+00:00","dateModified":"2025-07-10T14:37:19+00:00","description":"Este aviso tiene como objetivo brindarle cierta informaci\u00f3n seg\u00fan lo exige la Ley de Privacidad del Consumidor de California de 2018, modificada por la Ley de Derechos de Privacidad de California de 2020","breadcrumb":{"@id":"https:\/\/businessservicesconnect.com\/es\/ca-privacypolicy\/#breadcrumb"},"inLanguage":"es","potentialAction":[{"@type":"ReadAction","target":["https:\/\/businessservicesconnect.com\/es\/ca-privacypolicy\/"]}]},{"@type":"BreadcrumbList","@id":"https:\/\/businessservicesconnect.com\/es\/ca-privacypolicy\/#breadcrumb","itemListElement":[{"@type":"ListItem","position":1,"name":"Home","item":"https:\/\/businessservicesconnect.com\/es\/"},{"@type":"ListItem","position":2,"name":"CA Privacy Policy"}]},{"@type":"WebSite","@id":"https:\/\/businessservicesconnect.com\/es\/#website","url":"https:\/\/businessservicesconnect.com\/es\/","name":"Business Services Connect","description":"","potentialAction":[{"@type":"SearchAction","target":{"@type":"EntryPoint","urlTemplate":"https:\/\/businessservicesconnect.com\/es\/?s={search_term_string}"},"query-input":{"@type":"PropertyValueSpecification","valueRequired":true,"valueName":"search_term_string"}}],"inLanguage":"es"}]}},"featured_image_src":null,"featured_image_src_square":null,"_links":{"self":[{"href":"https:\/\/businessservicesconnect.com\/es\/wp-json\/wp\/v2\/pages\/423","targetHints":{"allow":["GET"]}}],"collection":[{"href":"https:\/\/businessservicesconnect.com\/es\/wp-json\/wp\/v2\/pages"}],"about":[{"href":"https:\/\/businessservicesconnect.com\/es\/wp-json\/wp\/v2\/types\/page"}],"author":[{"embeddable":true,"href":"https:\/\/businessservicesconnect.com\/es\/wp-json\/wp\/v2\/users\/1"}],"replies":[{"embeddable":true,"href":"https:\/\/businessservicesconnect.com\/es\/wp-json\/wp\/v2\/comments?post=423"}],"version-history":[{"count":0,"href":"https:\/\/businessservicesconnect.com\/es\/wp-json\/wp\/v2\/pages\/423\/revisions"}],"wp:attachment":[{"href":"https:\/\/businessservicesconnect.com\/es\/wp-json\/wp\/v2\/media?parent=423"}],"curies":[{"name":"wp","href":"https:\/\/api.w.org\/{rel}","templated":true}]}}