{"id":346,"date":"2023-03-07T18:25:42","date_gmt":"2023-03-07T18:25:42","guid":{"rendered":"https:\/\/ctambservice.wpengine.com\/por-que-las-empresas\/"},"modified":"2024-05-07T13:34:06","modified_gmt":"2024-05-07T13:34:06","slug":"why-business","status":"publish","type":"page","link":"https:\/\/businessservicesconnect.com\/es\/why-business\/","title":{"rendered":"Por qu\u00e9 Cable"},"content":{"rendered":"<div id=\"cs-content\" class=\"cs-content\"><\/div>\n","protected":false},"excerpt":{"rendered":"<p>\u00bfPor qu\u00e9 Cable? \u00bfBusca la soluci\u00f3n adecuada para su negocio en crecimiento? Aqu\u00ed la tenemos. Destacamos en el \u00e1mbito de las telecomunicaciones empresariales en Estados Unidos por una infinidad de razones. Estas son algunas de las m\u00e1s importantes. Encuentre su proveedor.Si no sabe con seguridad qu\u00e9 proveedor de cable ofrece servicios de comunicaci\u00f3n empresariales en su zona o si su &#8230; <\/p>\n<div><a href=\"https:\/\/businessservicesconnect.com\/es\/why-business\/\" class=\"more-link\">Read More<\/a><\/div>\n","protected":false},"author":1,"featured_media":0,"parent":0,"menu_order":0,"comment_status":"closed","ping_status":"closed","template":"template-blank-4.php","meta":{"footnotes":""},"class_list":["post-346","page","type-page","status-publish","hentry","no-post-thumbnail"],"yoast_head":"<!-- This site is optimized with the Yoast SEO Premium plugin v27.4 (Yoast SEO v27.4) - https:\/\/yoast.com\/product\/yoast-seo-premium-wordpress\/ -->\n<title>Por qu\u00e9 elegir Cable - Business Services Connect<\/title>\n<meta name=\"description\" content=\"Descubra por qu\u00e9 elegir Cable como su proveedor de servicios de telecomunicaciones empresariales. Conozca algunas de las razones m\u00e1s importantes para elegirnos.\" \/>\n<meta name=\"robots\" content=\"index, follow, max-snippet:-1, max-image-preview:large, max-video-preview:-1\" \/>\n<link rel=\"canonical\" href=\"https:\/\/businessservicesconnect.com\/es\/why-business\/\" \/>\n<meta property=\"og:locale\" content=\"es_ES\" \/>\n<meta property=\"og:type\" content=\"article\" \/>\n<meta property=\"og:title\" content=\"Por qu\u00e9 Cable\" \/>\n<meta property=\"og:description\" content=\"Descubra por qu\u00e9 elegir Cable como su proveedor de servicios de telecomunicaciones empresariales. Conozca algunas de las razones m\u00e1s importantes para elegirnos.\" \/>\n<meta property=\"og:url\" content=\"https:\/\/businessservicesconnect.com\/es\/why-business\/\" \/>\n<meta property=\"og:site_name\" content=\"Business Services Connect\" \/>\n<meta property=\"article:modified_time\" content=\"2024-05-07T13:34:06+00:00\" \/>\n<meta property=\"og:image\" content=\"https:\/\/businessservicesconnect.com\/wp-content\/uploads\/2023\/03\/Header_why-1024x597.jpg\" \/>\n<meta name=\"twitter:card\" content=\"summary_large_image\" \/>\n<meta name=\"twitter:image\" content=\"https:\/\/businessservicesconnect.com\/wp-content\/uploads\/2023\/03\/Header_why-1024x597.jpg\" \/>\n<meta name=\"twitter:label1\" content=\"Tiempo de lectura\" \/>\n\t<meta name=\"twitter:data1\" content=\"3 minutos\" \/>\n<script type=\"application\/ld+json\" class=\"yoast-schema-graph\">{\"@context\":\"https:\\\/\\\/schema.org\",\"@graph\":[{\"@type\":\"WebPage\",\"@id\":\"https:\\\/\\\/businessservicesconnect.com\\\/es\\\/why-business\\\/\",\"url\":\"https:\\\/\\\/businessservicesconnect.com\\\/es\\\/why-business\\\/\",\"name\":\"Por qu\u00e9 elegir Cable - Business Services Connect\",\"isPartOf\":{\"@id\":\"https:\\\/\\\/businessservicesconnect.com\\\/es\\\/#website\"},\"datePublished\":\"2023-03-07T18:25:42+00:00\",\"dateModified\":\"2024-05-07T13:34:06+00:00\",\"description\":\"Descubra por qu\u00e9 elegir Cable como su proveedor de servicios de telecomunicaciones empresariales. Conozca algunas de las razones m\u00e1s importantes para elegirnos.\",\"breadcrumb\":{\"@id\":\"https:\\\/\\\/businessservicesconnect.com\\\/es\\\/why-business\\\/#breadcrumb\"},\"inLanguage\":\"es\",\"potentialAction\":[{\"@type\":\"ReadAction\",\"target\":[\"https:\\\/\\\/businessservicesconnect.com\\\/es\\\/why-business\\\/\"]}]},{\"@type\":\"BreadcrumbList\",\"@id\":\"https:\\\/\\\/businessservicesconnect.com\\\/es\\\/why-business\\\/#breadcrumb\",\"itemListElement\":[{\"@type\":\"ListItem\",\"position\":1,\"name\":\"Home\",\"item\":\"https:\\\/\\\/businessservicesconnect.com\\\/es\\\/\"},{\"@type\":\"ListItem\",\"position\":2,\"name\":\"Por qu\u00e9 Cable\"}]},{\"@type\":\"WebSite\",\"@id\":\"https:\\\/\\\/businessservicesconnect.com\\\/es\\\/#website\",\"url\":\"https:\\\/\\\/businessservicesconnect.com\\\/es\\\/\",\"name\":\"Business Services Connect\",\"description\":\"\",\"potentialAction\":[{\"@type\":\"SearchAction\",\"target\":{\"@type\":\"EntryPoint\",\"urlTemplate\":\"https:\\\/\\\/businessservicesconnect.com\\\/es\\\/?s={search_term_string}\"},\"query-input\":{\"@type\":\"PropertyValueSpecification\",\"valueRequired\":true,\"valueName\":\"search_term_string\"}}],\"inLanguage\":\"es\"}]}<\/script>\n<!-- \/ Yoast SEO Premium plugin. -->","yoast_head_json":{"title":"Por qu\u00e9 elegir Cable - Business Services Connect","description":"Descubra por qu\u00e9 elegir Cable como su proveedor de servicios de telecomunicaciones empresariales. Conozca algunas de las razones m\u00e1s importantes para elegirnos.","robots":{"index":"index","follow":"follow","max-snippet":"max-snippet:-1","max-image-preview":"max-image-preview:large","max-video-preview":"max-video-preview:-1"},"canonical":"https:\/\/businessservicesconnect.com\/es\/why-business\/","og_locale":"es_ES","og_type":"article","og_title":"Por qu\u00e9 Cable","og_description":"Descubra por qu\u00e9 elegir Cable como su proveedor de servicios de telecomunicaciones empresariales. Conozca algunas de las razones m\u00e1s importantes para elegirnos.","og_url":"https:\/\/businessservicesconnect.com\/es\/why-business\/","og_site_name":"Business Services Connect","article_modified_time":"2024-05-07T13:34:06+00:00","og_image":[{"url":"https:\/\/businessservicesconnect.com\/wp-content\/uploads\/2023\/03\/Header_why-1024x597.jpg","type":"","width":"","height":""}],"twitter_card":"summary_large_image","twitter_image":"https:\/\/businessservicesconnect.com\/wp-content\/uploads\/2023\/03\/Header_why-1024x597.jpg","twitter_misc":{"Tiempo de lectura":"3 minutos"},"schema":{"@context":"https:\/\/schema.org","@graph":[{"@type":"WebPage","@id":"https:\/\/businessservicesconnect.com\/es\/why-business\/","url":"https:\/\/businessservicesconnect.com\/es\/why-business\/","name":"Por qu\u00e9 elegir Cable - Business Services Connect","isPartOf":{"@id":"https:\/\/businessservicesconnect.com\/es\/#website"},"datePublished":"2023-03-07T18:25:42+00:00","dateModified":"2024-05-07T13:34:06+00:00","description":"Descubra por qu\u00e9 elegir Cable como su proveedor de servicios de telecomunicaciones empresariales. Conozca algunas de las razones m\u00e1s importantes para elegirnos.","breadcrumb":{"@id":"https:\/\/businessservicesconnect.com\/es\/why-business\/#breadcrumb"},"inLanguage":"es","potentialAction":[{"@type":"ReadAction","target":["https:\/\/businessservicesconnect.com\/es\/why-business\/"]}]},{"@type":"BreadcrumbList","@id":"https:\/\/businessservicesconnect.com\/es\/why-business\/#breadcrumb","itemListElement":[{"@type":"ListItem","position":1,"name":"Home","item":"https:\/\/businessservicesconnect.com\/es\/"},{"@type":"ListItem","position":2,"name":"Por qu\u00e9 Cable"}]},{"@type":"WebSite","@id":"https:\/\/businessservicesconnect.com\/es\/#website","url":"https:\/\/businessservicesconnect.com\/es\/","name":"Business Services Connect","description":"","potentialAction":[{"@type":"SearchAction","target":{"@type":"EntryPoint","urlTemplate":"https:\/\/businessservicesconnect.com\/es\/?s={search_term_string}"},"query-input":{"@type":"PropertyValueSpecification","valueRequired":true,"valueName":"search_term_string"}}],"inLanguage":"es"}]}},"featured_image_src":null,"featured_image_src_square":null,"_links":{"self":[{"href":"https:\/\/businessservicesconnect.com\/es\/wp-json\/wp\/v2\/pages\/346","targetHints":{"allow":["GET"]}}],"collection":[{"href":"https:\/\/businessservicesconnect.com\/es\/wp-json\/wp\/v2\/pages"}],"about":[{"href":"https:\/\/businessservicesconnect.com\/es\/wp-json\/wp\/v2\/types\/page"}],"author":[{"embeddable":true,"href":"https:\/\/businessservicesconnect.com\/es\/wp-json\/wp\/v2\/users\/1"}],"replies":[{"embeddable":true,"href":"https:\/\/businessservicesconnect.com\/es\/wp-json\/wp\/v2\/comments?post=346"}],"version-history":[{"count":0,"href":"https:\/\/businessservicesconnect.com\/es\/wp-json\/wp\/v2\/pages\/346\/revisions"}],"wp:attachment":[{"href":"https:\/\/businessservicesconnect.com\/es\/wp-json\/wp\/v2\/media?parent=346"}],"curies":[{"name":"wp","href":"https:\/\/api.w.org\/{rel}","templated":true}]}}