{"id":316,"date":"2023-03-06T19:28:43","date_gmt":"2023-03-06T19:28:43","guid":{"rendered":"https:\/\/ctambservice.wpengine.com\/soluciones-de-red\/"},"modified":"2023-10-30T17:17:24","modified_gmt":"2023-10-30T17:17:24","slug":"network-solutions","status":"publish","type":"page","link":"https:\/\/businessservicesconnect.com\/es\/network-solutions\/","title":{"rendered":"Soluciones de Redes Empresariales"},"content":{"rendered":"<div id=\"cs-content\" class=\"cs-content\"><\/div>\n","protected":false},"excerpt":{"rendered":"<p>Soluciones de Redes Empresariales Contemple el poder transformador de una conectividad seria. Tenemos la soluci\u00f3n ideal para negocios grandes y empresas en crecimiento, desde tipos de redes seguras con m\u00faltiples ubicaciones hasta enlaces de fibra dedicados. Ethernet Existe un motivo por el que crecemos r\u00e1pidamente en los gr\u00e1ficos de Ethernet para el entorno empresarial. Descubra por qu\u00e9 cada vez m\u00e1s &#8230; <\/p>\n<div><a href=\"https:\/\/businessservicesconnect.com\/es\/network-solutions\/\" class=\"more-link\">Read More<\/a><\/div>\n","protected":false},"author":1,"featured_media":395,"parent":0,"menu_order":0,"comment_status":"closed","ping_status":"closed","template":"template-blank-4.php","meta":{"footnotes":""},"class_list":["post-316","page","type-page","status-publish","has-post-thumbnail","hentry"],"yoast_head":"<!-- This site is optimized with the Yoast SEO Premium plugin v27.4 (Yoast SEO v27.4) - https:\/\/yoast.com\/product\/yoast-seo-premium-wordpress\/ -->\n<title>Soluciones de Redes para Empresas - Business Services Connect<\/title>\n<meta name=\"description\" content=\"Ofrecemos soluciones para redes de empresas en crecimiento y grandes empresas. Desde redes seguras de ubicaciones m\u00faltiples hasta enlaces de fibra dedicados.\" \/>\n<meta name=\"robots\" content=\"index, follow, max-snippet:-1, max-image-preview:large, max-video-preview:-1\" \/>\n<link rel=\"canonical\" href=\"https:\/\/businessservicesconnect.com\/es\/network-solutions\/\" \/>\n<meta property=\"og:locale\" content=\"es_ES\" \/>\n<meta property=\"og:type\" content=\"article\" \/>\n<meta property=\"og:title\" content=\"Soluciones de Redes Empresariales\" \/>\n<meta property=\"og:description\" content=\"Ofrecemos soluciones para redes de empresas en crecimiento y grandes empresas. Desde redes seguras de ubicaciones m\u00faltiples hasta enlaces de fibra dedicados.\" \/>\n<meta property=\"og:url\" content=\"https:\/\/businessservicesconnect.com\/es\/network-solutions\/\" \/>\n<meta property=\"og:site_name\" content=\"Business Services Connect\" \/>\n<meta property=\"article:modified_time\" content=\"2023-10-30T17:17:24+00:00\" \/>\n<meta property=\"og:image\" content=\"https:\/\/businessservicesconnect.com\/wp-content\/uploads\/2023\/03\/Header_NS-1024x597.jpg\" \/>\n<meta name=\"twitter:card\" content=\"summary_large_image\" \/>\n<meta name=\"twitter:image\" content=\"https:\/\/businessservicesconnect.com\/wp-content\/uploads\/2023\/03\/Header_NS-1024x597.jpg\" \/>\n<meta name=\"twitter:label1\" content=\"Tiempo de lectura\" \/>\n\t<meta name=\"twitter:data1\" content=\"4 minutos\" \/>\n<script type=\"application\/ld+json\" class=\"yoast-schema-graph\">{\"@context\":\"https:\\\/\\\/schema.org\",\"@graph\":[{\"@type\":\"WebPage\",\"@id\":\"https:\\\/\\\/businessservicesconnect.com\\\/es\\\/network-solutions\\\/\",\"url\":\"https:\\\/\\\/businessservicesconnect.com\\\/es\\\/network-solutions\\\/\",\"name\":\"Soluciones de Redes para Empresas - Business Services Connect\",\"isPartOf\":{\"@id\":\"https:\\\/\\\/businessservicesconnect.com\\\/es\\\/#website\"},\"primaryImageOfPage\":{\"@id\":\"https:\\\/\\\/businessservicesconnect.com\\\/es\\\/network-solutions\\\/#primaryimage\"},\"image\":{\"@id\":\"https:\\\/\\\/businessservicesconnect.com\\\/es\\\/network-solutions\\\/#primaryimage\"},\"thumbnailUrl\":\"https:\\\/\\\/businessservicesconnect.com\\\/wp-content\\\/uploads\\\/2023\\\/03\\\/Header_NS.jpg\",\"datePublished\":\"2023-03-06T19:28:43+00:00\",\"dateModified\":\"2023-10-30T17:17:24+00:00\",\"description\":\"Ofrecemos soluciones para redes de empresas en crecimiento y grandes empresas. Desde redes seguras de ubicaciones m\u00faltiples hasta enlaces de fibra dedicados.\",\"breadcrumb\":{\"@id\":\"https:\\\/\\\/businessservicesconnect.com\\\/es\\\/network-solutions\\\/#breadcrumb\"},\"inLanguage\":\"es\",\"potentialAction\":[{\"@type\":\"ReadAction\",\"target\":[\"https:\\\/\\\/businessservicesconnect.com\\\/es\\\/network-solutions\\\/\"]}]},{\"@type\":\"ImageObject\",\"inLanguage\":\"es\",\"@id\":\"https:\\\/\\\/businessservicesconnect.com\\\/es\\\/network-solutions\\\/#primaryimage\",\"url\":\"https:\\\/\\\/businessservicesconnect.com\\\/wp-content\\\/uploads\\\/2023\\\/03\\\/Header_NS.jpg\",\"contentUrl\":\"https:\\\/\\\/businessservicesconnect.com\\\/wp-content\\\/uploads\\\/2023\\\/03\\\/Header_NS.jpg\",\"width\":1200,\"height\":700,\"caption\":\"exterior of a large multiple floor office building\"},{\"@type\":\"BreadcrumbList\",\"@id\":\"https:\\\/\\\/businessservicesconnect.com\\\/es\\\/network-solutions\\\/#breadcrumb\",\"itemListElement\":[{\"@type\":\"ListItem\",\"position\":1,\"name\":\"Home\",\"item\":\"https:\\\/\\\/businessservicesconnect.com\\\/es\\\/\"},{\"@type\":\"ListItem\",\"position\":2,\"name\":\"Soluciones de Redes Empresariales\"}]},{\"@type\":\"WebSite\",\"@id\":\"https:\\\/\\\/businessservicesconnect.com\\\/es\\\/#website\",\"url\":\"https:\\\/\\\/businessservicesconnect.com\\\/es\\\/\",\"name\":\"Business Services Connect\",\"description\":\"\",\"potentialAction\":[{\"@type\":\"SearchAction\",\"target\":{\"@type\":\"EntryPoint\",\"urlTemplate\":\"https:\\\/\\\/businessservicesconnect.com\\\/es\\\/?s={search_term_string}\"},\"query-input\":{\"@type\":\"PropertyValueSpecification\",\"valueRequired\":true,\"valueName\":\"search_term_string\"}}],\"inLanguage\":\"es\"}]}<\/script>\n<!-- \/ Yoast SEO Premium plugin. -->","yoast_head_json":{"title":"Soluciones de Redes para Empresas - Business Services Connect","description":"Ofrecemos soluciones para redes de empresas en crecimiento y grandes empresas. Desde redes seguras de ubicaciones m\u00faltiples hasta enlaces de fibra dedicados.","robots":{"index":"index","follow":"follow","max-snippet":"max-snippet:-1","max-image-preview":"max-image-preview:large","max-video-preview":"max-video-preview:-1"},"canonical":"https:\/\/businessservicesconnect.com\/es\/network-solutions\/","og_locale":"es_ES","og_type":"article","og_title":"Soluciones de Redes Empresariales","og_description":"Ofrecemos soluciones para redes de empresas en crecimiento y grandes empresas. Desde redes seguras de ubicaciones m\u00faltiples hasta enlaces de fibra dedicados.","og_url":"https:\/\/businessservicesconnect.com\/es\/network-solutions\/","og_site_name":"Business Services Connect","article_modified_time":"2023-10-30T17:17:24+00:00","og_image":[{"url":"https:\/\/businessservicesconnect.com\/wp-content\/uploads\/2023\/03\/Header_NS-1024x597.jpg","type":"","width":"","height":""}],"twitter_card":"summary_large_image","twitter_image":"https:\/\/businessservicesconnect.com\/wp-content\/uploads\/2023\/03\/Header_NS-1024x597.jpg","twitter_misc":{"Tiempo de lectura":"4 minutos"},"schema":{"@context":"https:\/\/schema.org","@graph":[{"@type":"WebPage","@id":"https:\/\/businessservicesconnect.com\/es\/network-solutions\/","url":"https:\/\/businessservicesconnect.com\/es\/network-solutions\/","name":"Soluciones de Redes para Empresas - Business Services Connect","isPartOf":{"@id":"https:\/\/businessservicesconnect.com\/es\/#website"},"primaryImageOfPage":{"@id":"https:\/\/businessservicesconnect.com\/es\/network-solutions\/#primaryimage"},"image":{"@id":"https:\/\/businessservicesconnect.com\/es\/network-solutions\/#primaryimage"},"thumbnailUrl":"https:\/\/businessservicesconnect.com\/wp-content\/uploads\/2023\/03\/Header_NS.jpg","datePublished":"2023-03-06T19:28:43+00:00","dateModified":"2023-10-30T17:17:24+00:00","description":"Ofrecemos soluciones para redes de empresas en crecimiento y grandes empresas. Desde redes seguras de ubicaciones m\u00faltiples hasta enlaces de fibra dedicados.","breadcrumb":{"@id":"https:\/\/businessservicesconnect.com\/es\/network-solutions\/#breadcrumb"},"inLanguage":"es","potentialAction":[{"@type":"ReadAction","target":["https:\/\/businessservicesconnect.com\/es\/network-solutions\/"]}]},{"@type":"ImageObject","inLanguage":"es","@id":"https:\/\/businessservicesconnect.com\/es\/network-solutions\/#primaryimage","url":"https:\/\/businessservicesconnect.com\/wp-content\/uploads\/2023\/03\/Header_NS.jpg","contentUrl":"https:\/\/businessservicesconnect.com\/wp-content\/uploads\/2023\/03\/Header_NS.jpg","width":1200,"height":700,"caption":"exterior of a large multiple floor office building"},{"@type":"BreadcrumbList","@id":"https:\/\/businessservicesconnect.com\/es\/network-solutions\/#breadcrumb","itemListElement":[{"@type":"ListItem","position":1,"name":"Home","item":"https:\/\/businessservicesconnect.com\/es\/"},{"@type":"ListItem","position":2,"name":"Soluciones de Redes Empresariales"}]},{"@type":"WebSite","@id":"https:\/\/businessservicesconnect.com\/es\/#website","url":"https:\/\/businessservicesconnect.com\/es\/","name":"Business Services Connect","description":"","potentialAction":[{"@type":"SearchAction","target":{"@type":"EntryPoint","urlTemplate":"https:\/\/businessservicesconnect.com\/es\/?s={search_term_string}"},"query-input":{"@type":"PropertyValueSpecification","valueRequired":true,"valueName":"search_term_string"}}],"inLanguage":"es"}]}},"featured_image_src":"https:\/\/businessservicesconnect.com\/wp-content\/uploads\/2023\/03\/Header_NS-600x400.jpg","featured_image_src_square":"https:\/\/businessservicesconnect.com\/wp-content\/uploads\/2023\/03\/Header_NS-600x600.jpg","_links":{"self":[{"href":"https:\/\/businessservicesconnect.com\/es\/wp-json\/wp\/v2\/pages\/316","targetHints":{"allow":["GET"]}}],"collection":[{"href":"https:\/\/businessservicesconnect.com\/es\/wp-json\/wp\/v2\/pages"}],"about":[{"href":"https:\/\/businessservicesconnect.com\/es\/wp-json\/wp\/v2\/types\/page"}],"author":[{"embeddable":true,"href":"https:\/\/businessservicesconnect.com\/es\/wp-json\/wp\/v2\/users\/1"}],"replies":[{"embeddable":true,"href":"https:\/\/businessservicesconnect.com\/es\/wp-json\/wp\/v2\/comments?post=316"}],"version-history":[{"count":0,"href":"https:\/\/businessservicesconnect.com\/es\/wp-json\/wp\/v2\/pages\/316\/revisions"}],"wp:featuredmedia":[{"embeddable":true,"href":"https:\/\/businessservicesconnect.com\/es\/wp-json\/wp\/v2\/media\/395"}],"wp:attachment":[{"href":"https:\/\/businessservicesconnect.com\/es\/wp-json\/wp\/v2\/media?parent=316"}],"curies":[{"name":"wp","href":"https:\/\/api.w.org\/{rel}","templated":true}]}}