{"id":308,"date":"2023-03-06T18:50:34","date_gmt":"2023-03-06T18:50:34","guid":{"rendered":"https:\/\/ctambservice.wpengine.com\/television-comercial\/"},"modified":"2024-06-05T16:15:13","modified_gmt":"2024-06-05T16:15:13","slug":"business-television","status":"publish","type":"page","link":"https:\/\/businessservicesconnect.com\/es\/business-television\/","title":{"rendered":"Business TV"},"content":{"rendered":"<div id=\"cs-content\" class=\"cs-content\"><\/div>\n","protected":false},"excerpt":{"rendered":"<p>Paquetes de TV para Negocios Cautive a clientes y entretenga al p\u00fablico la pr\u00f3xima vez que lo visiten con el servicio de televisi\u00f3n m\u00e1s confiable que existe. Zonas de espera y oficinas Las mesas de centro con revistas en salas de espera son muy de 2007. Vaya un paso m\u00e1s all\u00e1 de usar la televisi\u00f3n corporativa como un canal de &#8230; <\/p>\n<div><a href=\"https:\/\/businessservicesconnect.com\/es\/business-television\/\" class=\"more-link\">Read More<\/a><\/div>\n","protected":false},"author":1,"featured_media":0,"parent":0,"menu_order":0,"comment_status":"closed","ping_status":"closed","template":"template-blank-4.php","meta":{"footnotes":""},"class_list":["post-308","page","type-page","status-publish","hentry","no-post-thumbnail"],"yoast_head":"<!-- This site is optimized with the Yoast SEO Premium plugin v27.4 (Yoast SEO v27.4) - https:\/\/yoast.com\/product\/yoast-seo-premium-wordpress\/ -->\n<title>Televisi\u00f3n Empresarial - Business Services Connect<\/title>\n<meta name=\"description\" content=\"Mejora la experiencia de tus clientes gracias a la televisi\u00f3n empresarial ofreciendo variedad de canales y contenido televisivo adaptado a tus necesidades.\" \/>\n<meta name=\"robots\" content=\"index, follow, max-snippet:-1, max-image-preview:large, max-video-preview:-1\" \/>\n<link rel=\"canonical\" href=\"https:\/\/businessservicesconnect.com\/es\/business-television\/\" \/>\n<meta property=\"og:locale\" content=\"es_ES\" \/>\n<meta property=\"og:type\" content=\"article\" \/>\n<meta property=\"og:title\" content=\"Business TV\" \/>\n<meta property=\"og:description\" content=\"Mejora la experiencia de tus clientes gracias a la televisi\u00f3n empresarial ofreciendo variedad de canales y contenido televisivo adaptado a tus necesidades.\" \/>\n<meta property=\"og:url\" content=\"https:\/\/businessservicesconnect.com\/es\/business-television\/\" \/>\n<meta property=\"og:site_name\" content=\"Business Services Connect\" \/>\n<meta property=\"article:modified_time\" content=\"2024-06-05T16:15:13+00:00\" \/>\n<meta name=\"twitter:card\" content=\"summary_large_image\" \/>\n<meta name=\"twitter:label1\" content=\"Tiempo de lectura\" \/>\n\t<meta name=\"twitter:data1\" content=\"3 minutos\" \/>\n<script type=\"application\/ld+json\" class=\"yoast-schema-graph\">{\"@context\":\"https:\\\/\\\/schema.org\",\"@graph\":[{\"@type\":\"WebPage\",\"@id\":\"https:\\\/\\\/businessservicesconnect.com\\\/es\\\/business-television\\\/\",\"url\":\"https:\\\/\\\/businessservicesconnect.com\\\/es\\\/business-television\\\/\",\"name\":\"Televisi\u00f3n Empresarial - Business Services Connect\",\"isPartOf\":{\"@id\":\"https:\\\/\\\/businessservicesconnect.com\\\/es\\\/#website\"},\"datePublished\":\"2023-03-06T18:50:34+00:00\",\"dateModified\":\"2024-06-05T16:15:13+00:00\",\"description\":\"Mejora la experiencia de tus clientes gracias a la televisi\u00f3n empresarial ofreciendo variedad de canales y contenido televisivo adaptado a tus necesidades.\",\"breadcrumb\":{\"@id\":\"https:\\\/\\\/businessservicesconnect.com\\\/es\\\/business-television\\\/#breadcrumb\"},\"inLanguage\":\"es\",\"potentialAction\":[{\"@type\":\"ReadAction\",\"target\":[\"https:\\\/\\\/businessservicesconnect.com\\\/es\\\/business-television\\\/\"]}]},{\"@type\":\"BreadcrumbList\",\"@id\":\"https:\\\/\\\/businessservicesconnect.com\\\/es\\\/business-television\\\/#breadcrumb\",\"itemListElement\":[{\"@type\":\"ListItem\",\"position\":1,\"name\":\"Home\",\"item\":\"https:\\\/\\\/businessservicesconnect.com\\\/es\\\/\"},{\"@type\":\"ListItem\",\"position\":2,\"name\":\"Business TV\"}]},{\"@type\":\"WebSite\",\"@id\":\"https:\\\/\\\/businessservicesconnect.com\\\/es\\\/#website\",\"url\":\"https:\\\/\\\/businessservicesconnect.com\\\/es\\\/\",\"name\":\"Business Services Connect\",\"description\":\"\",\"potentialAction\":[{\"@type\":\"SearchAction\",\"target\":{\"@type\":\"EntryPoint\",\"urlTemplate\":\"https:\\\/\\\/businessservicesconnect.com\\\/es\\\/?s={search_term_string}\"},\"query-input\":{\"@type\":\"PropertyValueSpecification\",\"valueRequired\":true,\"valueName\":\"search_term_string\"}}],\"inLanguage\":\"es\"}]}<\/script>\n<!-- \/ Yoast SEO Premium plugin. -->","yoast_head_json":{"title":"Televisi\u00f3n Empresarial - Business Services Connect","description":"Mejora la experiencia de tus clientes gracias a la televisi\u00f3n empresarial ofreciendo variedad de canales y contenido televisivo adaptado a tus necesidades.","robots":{"index":"index","follow":"follow","max-snippet":"max-snippet:-1","max-image-preview":"max-image-preview:large","max-video-preview":"max-video-preview:-1"},"canonical":"https:\/\/businessservicesconnect.com\/es\/business-television\/","og_locale":"es_ES","og_type":"article","og_title":"Business TV","og_description":"Mejora la experiencia de tus clientes gracias a la televisi\u00f3n empresarial ofreciendo variedad de canales y contenido televisivo adaptado a tus necesidades.","og_url":"https:\/\/businessservicesconnect.com\/es\/business-television\/","og_site_name":"Business Services Connect","article_modified_time":"2024-06-05T16:15:13+00:00","twitter_card":"summary_large_image","twitter_misc":{"Tiempo de lectura":"3 minutos"},"schema":{"@context":"https:\/\/schema.org","@graph":[{"@type":"WebPage","@id":"https:\/\/businessservicesconnect.com\/es\/business-television\/","url":"https:\/\/businessservicesconnect.com\/es\/business-television\/","name":"Televisi\u00f3n Empresarial - Business Services Connect","isPartOf":{"@id":"https:\/\/businessservicesconnect.com\/es\/#website"},"datePublished":"2023-03-06T18:50:34+00:00","dateModified":"2024-06-05T16:15:13+00:00","description":"Mejora la experiencia de tus clientes gracias a la televisi\u00f3n empresarial ofreciendo variedad de canales y contenido televisivo adaptado a tus necesidades.","breadcrumb":{"@id":"https:\/\/businessservicesconnect.com\/es\/business-television\/#breadcrumb"},"inLanguage":"es","potentialAction":[{"@type":"ReadAction","target":["https:\/\/businessservicesconnect.com\/es\/business-television\/"]}]},{"@type":"BreadcrumbList","@id":"https:\/\/businessservicesconnect.com\/es\/business-television\/#breadcrumb","itemListElement":[{"@type":"ListItem","position":1,"name":"Home","item":"https:\/\/businessservicesconnect.com\/es\/"},{"@type":"ListItem","position":2,"name":"Business TV"}]},{"@type":"WebSite","@id":"https:\/\/businessservicesconnect.com\/es\/#website","url":"https:\/\/businessservicesconnect.com\/es\/","name":"Business Services Connect","description":"","potentialAction":[{"@type":"SearchAction","target":{"@type":"EntryPoint","urlTemplate":"https:\/\/businessservicesconnect.com\/es\/?s={search_term_string}"},"query-input":{"@type":"PropertyValueSpecification","valueRequired":true,"valueName":"search_term_string"}}],"inLanguage":"es"}]}},"featured_image_src":null,"featured_image_src_square":null,"_links":{"self":[{"href":"https:\/\/businessservicesconnect.com\/es\/wp-json\/wp\/v2\/pages\/308","targetHints":{"allow":["GET"]}}],"collection":[{"href":"https:\/\/businessservicesconnect.com\/es\/wp-json\/wp\/v2\/pages"}],"about":[{"href":"https:\/\/businessservicesconnect.com\/es\/wp-json\/wp\/v2\/types\/page"}],"author":[{"embeddable":true,"href":"https:\/\/businessservicesconnect.com\/es\/wp-json\/wp\/v2\/users\/1"}],"replies":[{"embeddable":true,"href":"https:\/\/businessservicesconnect.com\/es\/wp-json\/wp\/v2\/comments?post=308"}],"version-history":[{"count":0,"href":"https:\/\/businessservicesconnect.com\/es\/wp-json\/wp\/v2\/pages\/308\/revisions"}],"wp:attachment":[{"href":"https:\/\/businessservicesconnect.com\/es\/wp-json\/wp\/v2\/media?parent=308"}],"curies":[{"name":"wp","href":"https:\/\/api.w.org\/{rel}","templated":true}]}}