{"id":306,"date":"2023-03-06T18:37:42","date_gmt":"2023-03-06T18:37:42","guid":{"rendered":"https:\/\/ctambservice.wpengine.com\/movil-de-empresa\/"},"modified":"2024-06-05T16:14:26","modified_gmt":"2024-06-05T16:14:26","slug":"business-mobile","status":"publish","type":"page","link":"https:\/\/businessservicesconnect.com\/es\/business-mobile\/","title":{"rendered":"M\u00f3vil Empresarial"},"content":{"rendered":"<div id=\"cs-content\" class=\"cs-content\"><\/div>\n","protected":false},"excerpt":{"rendered":"<p>M\u00f3vil empresarial Mant\u00e9ngase conectado con soluciones m\u00f3viles empresariales r\u00e1pidas y confiables donde quiera que vaya, para asegurarse de que nunca estar\u00e1 incomunicado. (averig\u00fce la cobertura con su operador) Poderosa red Aproveche los servicios de tecnolog\u00eda m\u00f3vil 5G ultrarr\u00e1pidos y actualizados (donde est\u00e9n disponibles) desde la oficina, su hogar y cualquier lugar intermedio. Los servicios confiables le permitir\u00e1n llevar el tel\u00e9fono &#8230; <\/p>\n<div><a href=\"https:\/\/businessservicesconnect.com\/es\/business-mobile\/\" class=\"more-link\">Read More<\/a><\/div>\n","protected":false},"author":1,"featured_media":385,"parent":0,"menu_order":0,"comment_status":"closed","ping_status":"closed","template":"template-blank-4.php","meta":{"footnotes":""},"class_list":["post-306","page","type-page","status-publish","has-post-thumbnail","hentry"],"yoast_head":"<!-- This site is optimized with the Yoast SEO Premium plugin v24.2 (Yoast SEO v27.5) - https:\/\/yoast.com\/product\/yoast-seo-premium-wordpress\/ -->\n<title>M\u00f3vil de empresa - Business Services Connect<\/title>\n<meta name=\"description\" content=\"Estar connectado todo el tiempo con un servicio movil empresarial r\u00e1pido y confiable es importante para tu negocio. Entra en contacto con nosotros.\" \/>\n<meta name=\"robots\" content=\"index, follow, max-snippet:-1, max-image-preview:large, max-video-preview:-1\" \/>\n<link rel=\"canonical\" href=\"https:\/\/businessservicesconnect.com\/es\/business-mobile\/\" \/>\n<meta property=\"og:locale\" content=\"es_ES\" \/>\n<meta property=\"og:type\" content=\"article\" \/>\n<meta property=\"og:title\" content=\"M\u00f3vil Empresarial\" \/>\n<meta property=\"og:description\" content=\"Estar connectado todo el tiempo con un servicio movil empresarial r\u00e1pido y confiable es importante para tu negocio. Entra en contacto con nosotros.\" \/>\n<meta property=\"og:url\" content=\"https:\/\/businessservicesconnect.com\/es\/business-mobile\/\" \/>\n<meta property=\"og:site_name\" content=\"Business Services Connect\" \/>\n<meta property=\"article:modified_time\" content=\"2024-06-05T16:14:26+00:00\" \/>\n<meta property=\"og:image\" content=\"https:\/\/businessservicesconnect.com\/wp-content\/uploads\/2023\/05\/Header_BM_es.jpg\" \/>\n\t<meta property=\"og:image:width\" content=\"1200\" \/>\n\t<meta property=\"og:image:height\" content=\"700\" \/>\n\t<meta property=\"og:image:type\" content=\"image\/jpeg\" \/>\n<meta name=\"twitter:card\" content=\"summary_large_image\" \/>\n<meta name=\"twitter:image\" content=\"https:\/\/businessservicesconnect.com\/wp-content\/uploads\/2023\/05\/Header_BM_es.jpg\" \/>\n<meta name=\"twitter:label1\" content=\"Tiempo de lectura\" \/>\n\t<meta name=\"twitter:data1\" content=\"4 minutos\" \/>\n<script type=\"application\/ld+json\" class=\"yoast-schema-graph\">{\"@context\":\"https:\\\/\\\/schema.org\",\"@graph\":[{\"@type\":\"WebPage\",\"@id\":\"https:\\\/\\\/businessservicesconnect.com\\\/es\\\/business-mobile\\\/\",\"url\":\"https:\\\/\\\/businessservicesconnect.com\\\/es\\\/business-mobile\\\/\",\"name\":\"M\u00f3vil de empresa - Business Services Connect\",\"isPartOf\":{\"@id\":\"https:\\\/\\\/businessservicesconnect.com\\\/es\\\/#website\"},\"primaryImageOfPage\":{\"@id\":\"https:\\\/\\\/businessservicesconnect.com\\\/es\\\/business-mobile\\\/#primaryimage\"},\"image\":{\"@id\":\"https:\\\/\\\/businessservicesconnect.com\\\/es\\\/business-mobile\\\/#primaryimage\"},\"thumbnailUrl\":\"https:\\\/\\\/businessservicesconnect.com\\\/wp-content\\\/uploads\\\/2023\\\/03\\\/Header_BM.jpg\",\"datePublished\":\"2023-03-06T18:37:42+00:00\",\"dateModified\":\"2024-06-05T16:14:26+00:00\",\"description\":\"Estar connectado todo el tiempo con un servicio movil empresarial r\u00e1pido y confiable es importante para tu negocio. Entra en contacto con nosotros.\",\"breadcrumb\":{\"@id\":\"https:\\\/\\\/businessservicesconnect.com\\\/es\\\/business-mobile\\\/#breadcrumb\"},\"inLanguage\":\"es\",\"potentialAction\":[{\"@type\":\"ReadAction\",\"target\":[\"https:\\\/\\\/businessservicesconnect.com\\\/es\\\/business-mobile\\\/\"]}]},{\"@type\":\"ImageObject\",\"inLanguage\":\"es\",\"@id\":\"https:\\\/\\\/businessservicesconnect.com\\\/es\\\/business-mobile\\\/#primaryimage\",\"url\":\"https:\\\/\\\/businessservicesconnect.com\\\/wp-content\\\/uploads\\\/2023\\\/03\\\/Header_BM.jpg\",\"contentUrl\":\"https:\\\/\\\/businessservicesconnect.com\\\/wp-content\\\/uploads\\\/2023\\\/03\\\/Header_BM.jpg\",\"width\":1200,\"height\":700,\"caption\":\"man at a desk talking on a mobile phone in his office\"},{\"@type\":\"BreadcrumbList\",\"@id\":\"https:\\\/\\\/businessservicesconnect.com\\\/es\\\/business-mobile\\\/#breadcrumb\",\"itemListElement\":[{\"@type\":\"ListItem\",\"position\":1,\"name\":\"Home\",\"item\":\"https:\\\/\\\/businessservicesconnect.com\\\/es\\\/\"},{\"@type\":\"ListItem\",\"position\":2,\"name\":\"M\u00f3vil Empresarial\"}]},{\"@type\":\"WebSite\",\"@id\":\"https:\\\/\\\/businessservicesconnect.com\\\/es\\\/#website\",\"url\":\"https:\\\/\\\/businessservicesconnect.com\\\/es\\\/\",\"name\":\"Business Services Connect\",\"description\":\"\",\"potentialAction\":[{\"@type\":\"SearchAction\",\"target\":{\"@type\":\"EntryPoint\",\"urlTemplate\":\"https:\\\/\\\/businessservicesconnect.com\\\/es\\\/?s={search_term_string}\"},\"query-input\":{\"@type\":\"PropertyValueSpecification\",\"valueRequired\":true,\"valueName\":\"search_term_string\"}}],\"inLanguage\":\"es\"}]}<\/script>\n<!-- \/ Yoast SEO Premium plugin. -->","yoast_head_json":{"title":"M\u00f3vil de empresa - Business Services Connect","description":"Estar connectado todo el tiempo con un servicio movil empresarial r\u00e1pido y confiable es importante para tu negocio. Entra en contacto con nosotros.","robots":{"index":"index","follow":"follow","max-snippet":"max-snippet:-1","max-image-preview":"max-image-preview:large","max-video-preview":"max-video-preview:-1"},"canonical":"https:\/\/businessservicesconnect.com\/es\/business-mobile\/","og_locale":"es_ES","og_type":"article","og_title":"M\u00f3vil Empresarial","og_description":"Estar connectado todo el tiempo con un servicio movil empresarial r\u00e1pido y confiable es importante para tu negocio. Entra en contacto con nosotros.","og_url":"https:\/\/businessservicesconnect.com\/es\/business-mobile\/","og_site_name":"Business Services Connect","article_modified_time":"2024-06-05T16:14:26+00:00","og_image":[{"width":1200,"height":700,"url":"https:\/\/businessservicesconnect.com\/wp-content\/uploads\/2023\/05\/Header_BM_es.jpg","type":"image\/jpeg"}],"twitter_card":"summary_large_image","twitter_image":"https:\/\/businessservicesconnect.com\/wp-content\/uploads\/2023\/05\/Header_BM_es.jpg","twitter_misc":{"Tiempo de lectura":"4 minutos"},"schema":{"@context":"https:\/\/schema.org","@graph":[{"@type":"WebPage","@id":"https:\/\/businessservicesconnect.com\/es\/business-mobile\/","url":"https:\/\/businessservicesconnect.com\/es\/business-mobile\/","name":"M\u00f3vil de empresa - Business Services Connect","isPartOf":{"@id":"https:\/\/businessservicesconnect.com\/es\/#website"},"primaryImageOfPage":{"@id":"https:\/\/businessservicesconnect.com\/es\/business-mobile\/#primaryimage"},"image":{"@id":"https:\/\/businessservicesconnect.com\/es\/business-mobile\/#primaryimage"},"thumbnailUrl":"https:\/\/businessservicesconnect.com\/wp-content\/uploads\/2023\/03\/Header_BM.jpg","datePublished":"2023-03-06T18:37:42+00:00","dateModified":"2024-06-05T16:14:26+00:00","description":"Estar connectado todo el tiempo con un servicio movil empresarial r\u00e1pido y confiable es importante para tu negocio. Entra en contacto con nosotros.","breadcrumb":{"@id":"https:\/\/businessservicesconnect.com\/es\/business-mobile\/#breadcrumb"},"inLanguage":"es","potentialAction":[{"@type":"ReadAction","target":["https:\/\/businessservicesconnect.com\/es\/business-mobile\/"]}]},{"@type":"ImageObject","inLanguage":"es","@id":"https:\/\/businessservicesconnect.com\/es\/business-mobile\/#primaryimage","url":"https:\/\/businessservicesconnect.com\/wp-content\/uploads\/2023\/03\/Header_BM.jpg","contentUrl":"https:\/\/businessservicesconnect.com\/wp-content\/uploads\/2023\/03\/Header_BM.jpg","width":1200,"height":700,"caption":"man at a desk talking on a mobile phone in his office"},{"@type":"BreadcrumbList","@id":"https:\/\/businessservicesconnect.com\/es\/business-mobile\/#breadcrumb","itemListElement":[{"@type":"ListItem","position":1,"name":"Home","item":"https:\/\/businessservicesconnect.com\/es\/"},{"@type":"ListItem","position":2,"name":"M\u00f3vil Empresarial"}]},{"@type":"WebSite","@id":"https:\/\/businessservicesconnect.com\/es\/#website","url":"https:\/\/businessservicesconnect.com\/es\/","name":"Business Services Connect","description":"","potentialAction":[{"@type":"SearchAction","target":{"@type":"EntryPoint","urlTemplate":"https:\/\/businessservicesconnect.com\/es\/?s={search_term_string}"},"query-input":{"@type":"PropertyValueSpecification","valueRequired":true,"valueName":"search_term_string"}}],"inLanguage":"es"}]}},"featured_image_src":"https:\/\/businessservicesconnect.com\/wp-content\/uploads\/2023\/03\/Header_BM-600x400.jpg","featured_image_src_square":"https:\/\/businessservicesconnect.com\/wp-content\/uploads\/2023\/03\/Header_BM-600x600.jpg","_links":{"self":[{"href":"https:\/\/businessservicesconnect.com\/es\/wp-json\/wp\/v2\/pages\/306","targetHints":{"allow":["GET"]}}],"collection":[{"href":"https:\/\/businessservicesconnect.com\/es\/wp-json\/wp\/v2\/pages"}],"about":[{"href":"https:\/\/businessservicesconnect.com\/es\/wp-json\/wp\/v2\/types\/page"}],"author":[{"embeddable":true,"href":"https:\/\/businessservicesconnect.com\/es\/wp-json\/wp\/v2\/users\/1"}],"replies":[{"embeddable":true,"href":"https:\/\/businessservicesconnect.com\/es\/wp-json\/wp\/v2\/comments?post=306"}],"version-history":[{"count":0,"href":"https:\/\/businessservicesconnect.com\/es\/wp-json\/wp\/v2\/pages\/306\/revisions"}],"wp:featuredmedia":[{"embeddable":true,"href":"https:\/\/businessservicesconnect.com\/es\/wp-json\/wp\/v2\/media\/385"}],"wp:attachment":[{"href":"https:\/\/businessservicesconnect.com\/es\/wp-json\/wp\/v2\/media?parent=306"}],"curies":[{"name":"wp","href":"https:\/\/api.w.org\/{rel}","templated":true}]}}