{"id":213,"date":"2023-02-23T19:11:25","date_gmt":"2023-02-23T19:11:25","guid":{"rendered":"https:\/\/ctambservice.wpengine.com\/voz-empresarial\/"},"modified":"2024-06-05T16:14:48","modified_gmt":"2024-06-05T16:14:48","slug":"business-phone","status":"publish","type":"page","link":"https:\/\/businessservicesconnect.com\/es\/business-phone\/","title":{"rendered":"Telefon\u00eda Empresarial"},"content":{"rendered":"<div id=\"cs-content\" class=\"cs-content\"><\/div>\n","protected":false},"excerpt":{"rendered":"<p>Telefon\u00eda Empresarial: Mensajer\u00eda y voz para su negocio Asegure la confiabilidad y asequibilidad que necesita su negocio para que las comunicaciones por voz sean una parte esencial de su visi\u00f3n de rentabilidad. Sistema de Telefon\u00eda Empresarial Conecte con la soluci\u00f3n de telefon\u00eda perfecta para llamadas de voz y mensajer\u00eda para su negocio en crecimiento: desde soluciones de l\u00edneas telef\u00f3nicas \u00fanicas &#8230; <\/p>\n<div><a href=\"https:\/\/businessservicesconnect.com\/es\/business-phone\/\" class=\"more-link\">Read More<\/a><\/div>\n","protected":false},"author":1,"featured_media":393,"parent":0,"menu_order":0,"comment_status":"closed","ping_status":"closed","template":"template-blank-4.php","meta":{"footnotes":""},"class_list":["post-213","page","type-page","status-publish","has-post-thumbnail","hentry"],"yoast_head":"<!-- This site is optimized with the Yoast SEO Premium plugin v27.5 (Yoast SEO v27.5) - https:\/\/yoast.com\/product\/yoast-seo-premium-wordpress\/ -->\n<title>Tel\u00e9fono empresarial - Business Services Connect<\/title>\n<meta name=\"description\" content=\"La telefon\u00eda empresarial ofrece soluciones de mensajer\u00eda y voz integradas para optimizar las comunicaciones en los negocios.Cont\u00e1ctanos para obtener soluciones\" \/>\n<meta name=\"robots\" content=\"index, follow, max-snippet:-1, max-image-preview:large, max-video-preview:-1\" \/>\n<link rel=\"canonical\" href=\"https:\/\/businessservicesconnect.com\/es\/business-phone\/\" \/>\n<meta property=\"og:locale\" content=\"es_ES\" \/>\n<meta property=\"og:type\" content=\"article\" \/>\n<meta property=\"og:title\" content=\"Telefon\u00eda Empresarial\" \/>\n<meta property=\"og:description\" content=\"La telefon\u00eda empresarial ofrece soluciones de mensajer\u00eda y voz integradas para optimizar las comunicaciones en los negocios.Cont\u00e1ctanos para obtener soluciones\" \/>\n<meta property=\"og:url\" content=\"https:\/\/businessservicesconnect.com\/es\/business-phone\/\" \/>\n<meta property=\"og:site_name\" content=\"Business Services Connect\" \/>\n<meta property=\"article:modified_time\" content=\"2024-06-05T16:14:48+00:00\" \/>\n<meta name=\"twitter:card\" content=\"summary_large_image\" \/>\n<meta name=\"twitter:label1\" content=\"Tiempo de lectura\" \/>\n\t<meta name=\"twitter:data1\" content=\"3 minutos\" \/>\n<script type=\"application\/ld+json\" class=\"yoast-schema-graph\">{\"@context\":\"https:\\\/\\\/schema.org\",\"@graph\":[{\"@type\":\"WebPage\",\"@id\":\"https:\\\/\\\/businessservicesconnect.com\\\/es\\\/business-phone\\\/\",\"url\":\"https:\\\/\\\/businessservicesconnect.com\\\/es\\\/business-phone\\\/\",\"name\":\"Tel\u00e9fono empresarial - Business Services Connect\",\"isPartOf\":{\"@id\":\"https:\\\/\\\/businessservicesconnect.com\\\/es\\\/#website\"},\"primaryImageOfPage\":{\"@id\":\"https:\\\/\\\/businessservicesconnect.com\\\/es\\\/business-phone\\\/#primaryimage\"},\"image\":{\"@id\":\"https:\\\/\\\/businessservicesconnect.com\\\/es\\\/business-phone\\\/#primaryimage\"},\"thumbnailUrl\":\"https:\\\/\\\/businessservicesconnect.com\\\/wp-content\\\/uploads\\\/2023\\\/03\\\/Header_BV.jpg\",\"datePublished\":\"2023-02-23T19:11:25+00:00\",\"dateModified\":\"2024-06-05T16:14:48+00:00\",\"description\":\"La telefon\u00eda empresarial ofrece soluciones de mensajer\u00eda y voz integradas para optimizar las comunicaciones en los negocios.Cont\u00e1ctanos para obtener soluciones\",\"breadcrumb\":{\"@id\":\"https:\\\/\\\/businessservicesconnect.com\\\/es\\\/business-phone\\\/#breadcrumb\"},\"inLanguage\":\"es\",\"potentialAction\":[{\"@type\":\"ReadAction\",\"target\":[\"https:\\\/\\\/businessservicesconnect.com\\\/es\\\/business-phone\\\/\"]}]},{\"@type\":\"ImageObject\",\"inLanguage\":\"es\",\"@id\":\"https:\\\/\\\/businessservicesconnect.com\\\/es\\\/business-phone\\\/#primaryimage\",\"url\":\"https:\\\/\\\/businessservicesconnect.com\\\/wp-content\\\/uploads\\\/2023\\\/03\\\/Header_BV.jpg\",\"contentUrl\":\"https:\\\/\\\/businessservicesconnect.com\\\/wp-content\\\/uploads\\\/2023\\\/03\\\/Header_BV.jpg\",\"width\":1200,\"height\":700,\"caption\":\"woman at desk talking on a landline desk phone\"},{\"@type\":\"BreadcrumbList\",\"@id\":\"https:\\\/\\\/businessservicesconnect.com\\\/es\\\/business-phone\\\/#breadcrumb\",\"itemListElement\":[{\"@type\":\"ListItem\",\"position\":1,\"name\":\"Home\",\"item\":\"https:\\\/\\\/businessservicesconnect.com\\\/es\\\/\"},{\"@type\":\"ListItem\",\"position\":2,\"name\":\"Telefon\u00eda Empresarial\"}]},{\"@type\":\"WebSite\",\"@id\":\"https:\\\/\\\/businessservicesconnect.com\\\/es\\\/#website\",\"url\":\"https:\\\/\\\/businessservicesconnect.com\\\/es\\\/\",\"name\":\"Business Services Connect\",\"description\":\"\",\"potentialAction\":[{\"@type\":\"SearchAction\",\"target\":{\"@type\":\"EntryPoint\",\"urlTemplate\":\"https:\\\/\\\/businessservicesconnect.com\\\/es\\\/?s={search_term_string}\"},\"query-input\":{\"@type\":\"PropertyValueSpecification\",\"valueRequired\":true,\"valueName\":\"search_term_string\"}}],\"inLanguage\":\"es\"}]}<\/script>\n<!-- \/ Yoast SEO Premium plugin. -->","yoast_head_json":{"title":"Tel\u00e9fono empresarial - Business Services Connect","description":"La telefon\u00eda empresarial ofrece soluciones de mensajer\u00eda y voz integradas para optimizar las comunicaciones en los negocios.Cont\u00e1ctanos para obtener soluciones","robots":{"index":"index","follow":"follow","max-snippet":"max-snippet:-1","max-image-preview":"max-image-preview:large","max-video-preview":"max-video-preview:-1"},"canonical":"https:\/\/businessservicesconnect.com\/es\/business-phone\/","og_locale":"es_ES","og_type":"article","og_title":"Telefon\u00eda Empresarial","og_description":"La telefon\u00eda empresarial ofrece soluciones de mensajer\u00eda y voz integradas para optimizar las comunicaciones en los negocios.Cont\u00e1ctanos para obtener soluciones","og_url":"https:\/\/businessservicesconnect.com\/es\/business-phone\/","og_site_name":"Business Services Connect","article_modified_time":"2024-06-05T16:14:48+00:00","twitter_card":"summary_large_image","twitter_misc":{"Tiempo de lectura":"3 minutos"},"schema":{"@context":"https:\/\/schema.org","@graph":[{"@type":"WebPage","@id":"https:\/\/businessservicesconnect.com\/es\/business-phone\/","url":"https:\/\/businessservicesconnect.com\/es\/business-phone\/","name":"Tel\u00e9fono empresarial - Business Services Connect","isPartOf":{"@id":"https:\/\/businessservicesconnect.com\/es\/#website"},"primaryImageOfPage":{"@id":"https:\/\/businessservicesconnect.com\/es\/business-phone\/#primaryimage"},"image":{"@id":"https:\/\/businessservicesconnect.com\/es\/business-phone\/#primaryimage"},"thumbnailUrl":"https:\/\/businessservicesconnect.com\/wp-content\/uploads\/2023\/03\/Header_BV.jpg","datePublished":"2023-02-23T19:11:25+00:00","dateModified":"2024-06-05T16:14:48+00:00","description":"La telefon\u00eda empresarial ofrece soluciones de mensajer\u00eda y voz integradas para optimizar las comunicaciones en los negocios.Cont\u00e1ctanos para obtener soluciones","breadcrumb":{"@id":"https:\/\/businessservicesconnect.com\/es\/business-phone\/#breadcrumb"},"inLanguage":"es","potentialAction":[{"@type":"ReadAction","target":["https:\/\/businessservicesconnect.com\/es\/business-phone\/"]}]},{"@type":"ImageObject","inLanguage":"es","@id":"https:\/\/businessservicesconnect.com\/es\/business-phone\/#primaryimage","url":"https:\/\/businessservicesconnect.com\/wp-content\/uploads\/2023\/03\/Header_BV.jpg","contentUrl":"https:\/\/businessservicesconnect.com\/wp-content\/uploads\/2023\/03\/Header_BV.jpg","width":1200,"height":700,"caption":"woman at desk talking on a landline desk phone"},{"@type":"BreadcrumbList","@id":"https:\/\/businessservicesconnect.com\/es\/business-phone\/#breadcrumb","itemListElement":[{"@type":"ListItem","position":1,"name":"Home","item":"https:\/\/businessservicesconnect.com\/es\/"},{"@type":"ListItem","position":2,"name":"Telefon\u00eda Empresarial"}]},{"@type":"WebSite","@id":"https:\/\/businessservicesconnect.com\/es\/#website","url":"https:\/\/businessservicesconnect.com\/es\/","name":"Business Services Connect","description":"","potentialAction":[{"@type":"SearchAction","target":{"@type":"EntryPoint","urlTemplate":"https:\/\/businessservicesconnect.com\/es\/?s={search_term_string}"},"query-input":{"@type":"PropertyValueSpecification","valueRequired":true,"valueName":"search_term_string"}}],"inLanguage":"es"}]}},"featured_image_src":"https:\/\/businessservicesconnect.com\/wp-content\/uploads\/2023\/03\/Header_BV-600x400.jpg","featured_image_src_square":"https:\/\/businessservicesconnect.com\/wp-content\/uploads\/2023\/03\/Header_BV-600x600.jpg","_links":{"self":[{"href":"https:\/\/businessservicesconnect.com\/es\/wp-json\/wp\/v2\/pages\/213","targetHints":{"allow":["GET"]}}],"collection":[{"href":"https:\/\/businessservicesconnect.com\/es\/wp-json\/wp\/v2\/pages"}],"about":[{"href":"https:\/\/businessservicesconnect.com\/es\/wp-json\/wp\/v2\/types\/page"}],"author":[{"embeddable":true,"href":"https:\/\/businessservicesconnect.com\/es\/wp-json\/wp\/v2\/users\/1"}],"replies":[{"embeddable":true,"href":"https:\/\/businessservicesconnect.com\/es\/wp-json\/wp\/v2\/comments?post=213"}],"version-history":[{"count":0,"href":"https:\/\/businessservicesconnect.com\/es\/wp-json\/wp\/v2\/pages\/213\/revisions"}],"wp:featuredmedia":[{"embeddable":true,"href":"https:\/\/businessservicesconnect.com\/es\/wp-json\/wp\/v2\/media\/393"}],"wp:attachment":[{"href":"https:\/\/businessservicesconnect.com\/es\/wp-json\/wp\/v2\/media?parent=213"}],"curies":[{"name":"wp","href":"https:\/\/api.w.org\/{rel}","templated":true}]}}